{"id":24,"date":"2016-02-12T08:13:06","date_gmt":"2016-02-12T08:13:06","guid":{"rendered":"http:\/\/demos.famethemes.com\/onepress\/?page_id=24"},"modified":"2023-03-22T18:32:20","modified_gmt":"2023-03-22T17:32:20","slug":"aufbau-vor-ort","status":"publish","type":"page","link":"https:\/\/kuechenstudio-falk.de\/wp_kueche\/aufbau-vor-ort\/","title":{"rendered":"Aufbau vor Ort"},"content":{"rendered":"<p>Unser Aufbau vor Ort ist professionell und sauber. In Schreinerhandwerkerqualit\u00e4t.<\/p>\n<p>Was zeichnet einen guten Service bei der K\u00fcchenmontage aus:<\/p>\n<p>Ein guter Service bei der K\u00fcchenmontage zeichnet sich durch mehrere Faktoren aus:<\/p>\n<ol>\n<li>\n<p>Fachkompetenz: Eine gute K\u00fcchenmontage erfordert ein hohes Ma\u00df an Fachkompetenz. Der Monteur sollte \u00fcber umfassende Kenntnisse in Bezug auf die verschiedenen Materialien, Werkzeuge und Techniken verf\u00fcgen. Ein guter Monteur sollte au\u00dferdem in der Lage sein, sich auf die individuellen Bed\u00fcrfnisse und W\u00fcnsche des Kunden einzustellen und diese in die Planung und Umsetzung der K\u00fcchenmontage zu integrieren.<\/p>\n<\/li>\n<li>\n<p>Zuverl\u00e4ssigkeit: Ein guter Service bei der K\u00fcchenmontage zeichnet sich durch eine hohe Zuverl\u00e4ssigkeit aus. Der Monteur sollte p\u00fcnktlich erscheinen und seine Arbeit termingerecht erledigen. Auch die Einhaltung von Vereinbarungen und Absprachen ist ein wichtiges Kriterium f\u00fcr die Zuverl\u00e4ssigkeit.<\/p>\n<\/li>\n<li>\n<p>Sorgfalt und Pr\u00e4zision: Eine K\u00fcchenmontage erfordert eine hohe Pr\u00e4zision und Sorgfalt. Der Monteur sollte alle Teile und Materialien sorgf\u00e4ltig ausw\u00e4hlen und montieren, um ein perfektes Ergebnis zu erzielen. Auch eine saubere und ordentliche Arbeitsweise ist ein wichtiger Aspekt bei der K\u00fcchenmontage.<\/p>\n<\/li>\n<li>\n<p>Kundenorientierung: Ein guter Service bei der K\u00fcchenmontage zeichnet sich durch eine hohe Kundenorientierung aus. Der Monteur sollte sich Zeit nehmen, um auf die W\u00fcnsche und Bed\u00fcrfnisse des Kunden einzugehen und ihn bei der Planung und Umsetzung der K\u00fcchenmontage zu beraten. Auch eine offene und transparente Kommunikation ist ein wichtiger Faktor, um eine erfolgreiche Zusammenarbeit zu gew\u00e4hrleisten.<\/p>\n<\/li>\n<li>\n<p>Flexibilit\u00e4t: Bei der K\u00fcchenmontage kann es immer wieder zu unvorhergesehenen Problemen oder Verz\u00f6gerungen kommen. Ein guter Monteur sollte in der Lage sein, flexibel auf solche Situationen zu reagieren und alternative L\u00f6sungen zu finden, um den Zeitplan und die Qualit\u00e4t der Arbeit nicht zu beeintr\u00e4chtigen.<\/p>\n<\/li>\n<\/ol>\n<p>Zusammenfassend l\u00e4sst sich sagen, dass ein guter Service bei der K\u00fcchenmontage eine hohe Fachkompetenz, Zuverl\u00e4ssigkeit, Sorgfalt und Pr\u00e4zision, Kundenorientierung sowie Flexibilit\u00e4t erfordert. Wenn all diese Faktoren erf\u00fcllt sind, kann der Kunde sicher sein, dass seine K\u00fcchenmontage erfolgreich und zur vollsten Zufriedenheit ausgef\u00fchrt wird.<\/p>\n<p>\u00a0<\/p>\n<p>\u00a0<\/p>\n\n<div class=\"wpforms-container wpforms-container-full wpforms-block\" id=\"wpforms-1564\"><form id=\"wpforms-form-1564\" class=\"wpforms-validate wpforms-form wpforms-ajax-form\" data-formid=\"1564\" method=\"post\" enctype=\"multipart\/form-data\" action=\"\/wp_kueche\/wp-json\/wp\/v2\/pages\/24\" data-token=\"fc4202915d91c53bf3108f03517dfb9a\" data-token-time=\"1777956371\"><noscript class=\"wpforms-error-noscript\">Bitte aktiviere JavaScript in deinem Browser, um dieses Formular fertigzustellen.<\/noscript><div class=\"wpforms-field-container\"><div id=\"wpforms-1564-field_0-container\" class=\"wpforms-field wpforms-field-name\" data-field-id=\"0\"><label class=\"wpforms-field-label\">Name <span class=\"wpforms-required-label\">*<\/span><\/label><div class=\"wpforms-field-row wpforms-field-medium\"><div class=\"wpforms-field-row-block wpforms-first wpforms-one-half\"><input type=\"text\" id=\"wpforms-1564-field_0\" class=\"wpforms-field-name-first wpforms-field-required\" name=\"wpforms[fields][0][first]\" required><label for=\"wpforms-1564-field_0\" class=\"wpforms-field-sublabel after\">Vorname<\/label><\/div><div class=\"wpforms-field-row-block wpforms-one-half\"><input type=\"text\" id=\"wpforms-1564-field_0-last\" class=\"wpforms-field-name-last wpforms-field-required\" name=\"wpforms[fields][0][last]\" required><label for=\"wpforms-1564-field_0-last\" class=\"wpforms-field-sublabel after\">Nachname<\/label><\/div><\/div><\/div><div id=\"wpforms-1564-field_1-container\" class=\"wpforms-field wpforms-field-email\" data-field-id=\"1\"><label class=\"wpforms-field-label\" for=\"wpforms-1564-field_1\">E-Mail <span class=\"wpforms-required-label\">*<\/span><\/label><input type=\"email\" id=\"wpforms-1564-field_1\" class=\"wpforms-field-medium wpforms-field-required\" name=\"wpforms[fields][1]\" spellcheck=\"false\" required><\/div><div id=\"wpforms-1564-field_2-container\" class=\"wpforms-field wpforms-field-textarea\" data-field-id=\"2\"><label class=\"wpforms-field-label\" for=\"wpforms-1564-field_2\">Kommentar oder Nachricht<\/label><textarea id=\"wpforms-1564-field_2\" class=\"wpforms-field-medium\" name=\"wpforms[fields][2]\" ><\/textarea><\/div><\/div><!-- .wpforms-field-container --><div class=\"wpforms-recaptcha-container wpforms-is-recaptcha wpforms-is-recaptcha-type-v3\" ><input type=\"hidden\" name=\"wpforms[recaptcha]\" value=\"\"><\/div><div class=\"wpforms-submit-container\" ><input type=\"hidden\" name=\"wpforms[id]\" value=\"1564\"><input type=\"hidden\" name=\"page_title\" value=\"\"><input type=\"hidden\" name=\"page_url\" value=\"https:\/\/kuechenstudio-falk.de\/wp_kueche\/wp-json\/wp\/v2\/pages\/24\"><input type=\"hidden\" name=\"url_referer\" value=\"\"><button type=\"submit\" name=\"wpforms[submit]\" id=\"wpforms-submit-1564\" class=\"wpforms-submit\" data-alt-text=\"Senden\u2026\" data-submit-text=\"Absenden\" aria-live=\"assertive\" value=\"wpforms-submit\">Absenden<\/button><img loading=\"lazy\" decoding=\"async\" src=\"https:\/\/kuechenstudio-falk.de\/wp_kueche\/wp-content\/plugins\/wpforms-lite\/assets\/images\/submit-spin.svg\" class=\"wpforms-submit-spinner\" style=\"display: none;\" width=\"26\" height=\"26\" alt=\"Wird geladen\"><\/div><\/form><\/div>  <!-- .wpforms-container -->","protected":false},"excerpt":{"rendered":"<p>Unser Aufbau vor Ort ist professionell und sauber. In Schreinerhandwerkerqualit\u00e4t.<\/p>\n","protected":false},"author":1,"featured_media":0,"parent":0,"menu_order":0,"comment_status":"closed","ping_status":"closed","template":"","meta":{"footnotes":""},"class_list":["post-24","page","type-page","status-publish","hentry"],"_links":{"self":[{"href":"https:\/\/kuechenstudio-falk.de\/wp_kueche\/wp-json\/wp\/v2\/pages\/24","targetHints":{"allow":["GET"]}}],"collection":[{"href":"https:\/\/kuechenstudio-falk.de\/wp_kueche\/wp-json\/wp\/v2\/pages"}],"about":[{"href":"https:\/\/kuechenstudio-falk.de\/wp_kueche\/wp-json\/wp\/v2\/types\/page"}],"author":[{"embeddable":true,"href":"https:\/\/kuechenstudio-falk.de\/wp_kueche\/wp-json\/wp\/v2\/users\/1"}],"replies":[{"embeddable":true,"href":"https:\/\/kuechenstudio-falk.de\/wp_kueche\/wp-json\/wp\/v2\/comments?post=24"}],"version-history":[{"count":3,"href":"https:\/\/kuechenstudio-falk.de\/wp_kueche\/wp-json\/wp\/v2\/pages\/24\/revisions"}],"predecessor-version":[{"id":1576,"href":"https:\/\/kuechenstudio-falk.de\/wp_kueche\/wp-json\/wp\/v2\/pages\/24\/revisions\/1576"}],"wp:attachment":[{"href":"https:\/\/kuechenstudio-falk.de\/wp_kueche\/wp-json\/wp\/v2\/media?parent=24"}],"curies":[{"name":"wp","href":"https:\/\/api.w.org\/{rel}","templated":true}]}}