{"id":1414,"date":"2016-02-12T07:54:41","date_gmt":"2016-02-12T07:54:41","guid":{"rendered":"http:\/\/demos.famethemes.com\/onepress\/?page_id=4"},"modified":"2023-03-01T11:45:11","modified_gmt":"2023-03-01T10:45:11","slug":"home","status":"publish","type":"page","link":"https:\/\/kuechenstudio-falk.de\/wp_kueche\/","title":{"rendered":"K\u00fcchen Falk"},"content":{"rendered":"\n<p><strong>K\u00fcchen aus Neuwied<\/strong><\/p>\n\n\n\n<p>Familienk\u00fcchen, Single-K\u00fcche, K\u00fcche f\u00fcr Senioren, Klassische Formen,<\/p>\n\n\n\n<p>schwingende Modernit\u00e4t, Holz, Marmor, Kunststoff, Herd, Sp\u00fcle, Kochzentrum, Microwellenger\u00e4t, Geschirrsp\u00fcler&#8230; wir bieten Ihnen die ganze Welt der K\u00fcche und beraten Sie ganz individuell. Damit Sie Ihre pers\u00f6nliche Traumk\u00fcche finden.<\/p>\n\n\n\n<p><strong>Exklusive Trendk\u00fcchen &#8211; von Profis entworfen.<\/strong><\/p>\n\n\n\n<p>Falk K\u00fcchen erf\u00fcllen durch Designvielfalt und ergonomisch orientierte Gestaltungsspielr\u00e4ume h\u00f6chste Anspr\u00fcche an \u00c4sthetik und Funktionalit\u00e4t.<\/p>\n\n\n\n<p>\u00dcberzeugen Sie sich selbst!<\/p>\n","protected":false},"excerpt":{"rendered":"<p>K\u00fcchen aus Neuwied Familienk\u00fcchen, Single-K\u00fcche, K\u00fcche f\u00fcr Senioren, Klassische Formen, schwingende Modernit\u00e4t, Holz, Marmor, Kunststoff, Herd, Sp\u00fcle, Kochzentrum, Microwellenger\u00e4t, Geschirrsp\u00fcler&#8230; wir bieten Ihnen die ganze Welt der K\u00fcche und beraten &#8230;<\/p>\n","protected":false},"author":1,"featured_media":0,"parent":0,"menu_order":0,"comment_status":"closed","ping_status":"closed","template":"template-frontpage.php","meta":{"footnotes":""},"class_list":["post-1414","page","type-page","status-publish","hentry"],"_links":{"self":[{"href":"https:\/\/kuechenstudio-falk.de\/wp_kueche\/wp-json\/wp\/v2\/pages\/1414","targetHints":{"allow":["GET"]}}],"collection":[{"href":"https:\/\/kuechenstudio-falk.de\/wp_kueche\/wp-json\/wp\/v2\/pages"}],"about":[{"href":"https:\/\/kuechenstudio-falk.de\/wp_kueche\/wp-json\/wp\/v2\/types\/page"}],"author":[{"embeddable":true,"href":"https:\/\/kuechenstudio-falk.de\/wp_kueche\/wp-json\/wp\/v2\/users\/1"}],"replies":[{"embeddable":true,"href":"https:\/\/kuechenstudio-falk.de\/wp_kueche\/wp-json\/wp\/v2\/comments?post=1414"}],"version-history":[{"count":1,"href":"https:\/\/kuechenstudio-falk.de\/wp_kueche\/wp-json\/wp\/v2\/pages\/1414\/revisions"}],"predecessor-version":[{"id":1473,"href":"https:\/\/kuechenstudio-falk.de\/wp_kueche\/wp-json\/wp\/v2\/pages\/1414\/revisions\/1473"}],"wp:attachment":[{"href":"https:\/\/kuechenstudio-falk.de\/wp_kueche\/wp-json\/wp\/v2\/media?parent=1414"}],"curies":[{"name":"wp","href":"https:\/\/api.w.org\/{rel}","templated":true}]}}